{"id":33005,"date":"2021-03-14T08:46:31","date_gmt":"2021-03-14T08:46:31","guid":{"rendered":"https:\/\/tobegen.de\/?page_id=33005"},"modified":"2026-03-29T06:12:03","modified_gmt":"2026-03-29T06:12:03","slug":"33005-2","status":"publish","type":"page","link":"https:\/\/tobegen.de\/","title":{"rendered":""},"content":{"rendered":"<hr \/>\n<p style=\"padding-left: 160px;\"><a href=\"https:\/\/docs.google.com\/presentation\/d\/e\/2PACX-1vQnL7MYCOFFKScgeG9rXivVM-FofLyZZga_CKNQ6Ic-Rm4q1J0mtLqwlfxBYwK0XCLWeyXrBPKqpxiw\/pub?start=true&amp;loop=false&amp;delayms=3000\"><span style=\"color: #ff0000;\"><span style=\"font-family: Arial, sans-serif;\"><u>PR\u00c4SENTATION DER WEB-SEITE IN DREI MINUTEN<\/u><\/span><\/span><\/a><\/p>\n<p style=\"text-align: center;\"><span style=\"font-size: small;\">(<strong>Kopfbild<\/strong>: Ausschnitt aus 01\/2026 \u201ePROMETHEUS\u201c, Acryl und Acryllack auf Leinwand, 130x170cm)\u00a0<\/span><\/p>\n<hr \/>\n<h3><\/h3>\n<h1 style=\"text-align: center;\"><img loading=\"lazy\" decoding=\"async\" class=\"alignleft wp-image-50002 size-full\" src=\"https:\/\/tobegen.de\/wp-content\/uploads\/Screenshot-2026-03-27-081407.png\" alt=\"\" width=\"1234\" height=\"377\" srcset=\"https:\/\/tobegen.de\/wp-content\/uploads\/Screenshot-2026-03-27-081407.png 1234w, https:\/\/tobegen.de\/wp-content\/uploads\/Screenshot-2026-03-27-081407-300x92.png 300w, https:\/\/tobegen.de\/wp-content\/uploads\/Screenshot-2026-03-27-081407-768x235.png 768w\" sizes=\"auto, (max-width: 1234px) 100vw, 1234px\" \/><\/h1>\n<p><img loading=\"lazy\" decoding=\"async\" class=\"alignleft wp-image-50000 size-full\" src=\"https:\/\/tobegen.de\/wp-content\/uploads\/DSC_0002-6-5.jpg\" alt=\"\" width=\"1812\" height=\"1920\" srcset=\"https:\/\/tobegen.de\/wp-content\/uploads\/DSC_0002-6-5.jpg 1812w, https:\/\/tobegen.de\/wp-content\/uploads\/DSC_0002-6-5-283x300.jpg 283w, https:\/\/tobegen.de\/wp-content\/uploads\/DSC_0002-6-5-1239x1313.jpg 1239w, https:\/\/tobegen.de\/wp-content\/uploads\/DSC_0002-6-5-768x814.jpg 768w, https:\/\/tobegen.de\/wp-content\/uploads\/DSC_0002-6-5-1450x1536.jpg 1450w\" sizes=\"auto, (max-width: 1812px) 100vw, 1812px\" \/><\/p>\n<h3><\/h3>\n<h3 style=\"text-align: center; padding-left: 40px;\"><span style=\"color: #000000;\">Mit der <strong>Geste<\/strong> unterst\u00fctzt die K\u00f6rpersprache die <strong>Rede<\/strong>, mit der <strong>Geb\u00e4rde<\/strong> zeigt sie das <strong>Begehren<\/strong>. Im Freien wie auf der Leinwand mit <strong>Ausdruck<\/strong> und <strong>Pr\u00e4senz<\/strong>. Dabei verlassen sich K\u00f6rper und Geist auf die <strong>Autopoiese<\/strong>, auf die <strong>Selbstentfaltung<\/strong> der <strong>Sage<\/strong> aus der Spur des gesagt Gemalten. Sie wissen sich im Bunde mit der <strong>Phantasia<\/strong>, dem sichtbar werden und sich vorstellen der <strong>geistigen Gestalt<\/strong>. Die ist dem Menschen <strong>gegenw\u00e4rtiger<\/strong>\u00a0als die durch <strong>Isolation<\/strong> gewonnene <strong>Erkenntnis<\/strong> des Verstandes. Ihr steht nichts und niemandem gegen\u00fcber, alle sind mittendrin. <strong>So ist und bleibt sie ewig Du<\/strong>\u00a0als soziale Plastik das <strong>Bild ohne Autor<\/strong>, mit dem jeder Mensch nicht nur K\u00fcnstler, <strong>selbsterm\u00e4chtigt<\/strong> vom <strong>ethischen Imperativ<\/strong>\u00a0<span style=\"color: #999999;\"><em>&#8222;Du sollst den Apfel vom Baum des Lebens essen&#8220;<\/em><\/span>, <\/span><span style=\"color: #000000;\">zum <strong>Denken ohne Gel\u00e4nder<\/strong> findet.<\/span><\/h3>\n<h3 style=\"text-align: center; padding-left: 40px;\"><span style=\"color: #000000;\">. <\/span><\/h3>\n<p style=\"padding-left: 40px; text-align: center;\"><a href=\"https:\/\/tobegen.de\/?page_id=48933\"><span style=\"color: #0000ff;\"><span style=\"color: #0000ff;\">Mehr lesen<\/span><span style=\"color: #000000;\"><span style=\"color: #0000ff;\">: AUTOPOIESE<\/span><\/span><\/span><\/a><\/p>\n<p>&nbsp;<\/p>\n<hr \/>\n<h3 style=\"text-align: center;\"><\/h3>\n<h2 style=\"text-align: center;\"><span style=\"color: #0000ff;\">\u00a0<a style=\"color: #0000ff;\" href=\"https:\/\/tobegen.de\/?p=25525\">AUTOPOIESE MALEREI &#8230;<\/a><\/span><\/h2>\n<p style=\"text-align: center;\"><span style=\"font-size: large;\">Gelb ist f\u00fcr mich Sehnsucht nach dem gro\u00dfen Anderen,<\/span><span style=\"font-size: large;\"> der Leere, der Liebe, dem Licht, offen weit und ewig.<\/span><\/p>\n<p><img loading=\"lazy\" decoding=\"async\" class=\"alignleft wp-image-49808 size-full\" src=\"https:\/\/tobegen.de\/wp-content\/uploads\/DSC_0263-1.jpg\" alt=\"\" width=\"1920\" height=\"1337\" srcset=\"https:\/\/tobegen.de\/wp-content\/uploads\/DSC_0263-1.jpg 1920w, https:\/\/tobegen.de\/wp-content\/uploads\/DSC_0263-1-300x209.jpg 300w, https:\/\/tobegen.de\/wp-content\/uploads\/DSC_0263-1-1313x914.jpg 1313w, https:\/\/tobegen.de\/wp-content\/uploads\/DSC_0263-1-768x535.jpg 768w, https:\/\/tobegen.de\/wp-content\/uploads\/DSC_0263-1-1536x1070.jpg 1536w\" sizes=\"auto, (max-width: 1920px) 100vw, 1920px\" \/><\/p>\n<p style=\"text-align: center;\"><span style=\"color: #0000ff;\"><a href=\"https:\/\/tobegen.de\/?p=25525\"><span style=\"color: #0000ff;\">Mehr ansehen<\/span><\/a><span style=\"color: #000000;\"><span style=\"color: #0000ff;\"><br \/>\n<\/span><\/span><\/span><\/p>\n<hr \/>\n<h2 style=\"text-align: center;\"><a href=\"https:\/\/tobegen.de\/?p=22794\"><span style=\"color: #0000ff;\">AUTOPOIESE KALLIGRAFIE &#8230;<\/span><\/a><\/h2>\n<p style=\"text-align: center;\"><span style=\"font-size: large;\">Kalligrafie ist f\u00fcr mich mehr als \u201eSch\u00f6nschrift\u201c. Absichtslos zeigt der Duktus die Selbstentfaltung der Erscheinung Leben, die F\u00fcgung der Autopoiese. <\/span><\/p>\n<p><img loading=\"lazy\" decoding=\"async\" class=\"alignleft wp-image-49105 size-full\" src=\"https:\/\/tobegen.de\/wp-content\/uploads\/DSC_0205-2.jpg\" alt=\"\" width=\"1920\" height=\"1280\" srcset=\"https:\/\/tobegen.de\/wp-content\/uploads\/DSC_0205-2.jpg 1920w, https:\/\/tobegen.de\/wp-content\/uploads\/DSC_0205-2-300x200.jpg 300w, https:\/\/tobegen.de\/wp-content\/uploads\/DSC_0205-2-1313x875.jpg 1313w, https:\/\/tobegen.de\/wp-content\/uploads\/DSC_0205-2-768x512.jpg 768w, https:\/\/tobegen.de\/wp-content\/uploads\/DSC_0205-2-1536x1024.jpg 1536w\" sizes=\"auto, (max-width: 1920px) 100vw, 1920px\" \/><\/p>\n<p style=\"text-align: center;\"><span style=\"color: #0000ff;\"><a href=\"https:\/\/tobegen.de\/?p=22794\"><span style=\"color: #0000ff;\">Mehr ansehen<\/span><\/a><span style=\"color: #000000;\"><span style=\"color: #0000ff;\"><br \/>\n<\/span><\/span><\/span><\/p>\n<hr \/>\n<h2 style=\"text-align: center;\"><a href=\"https:\/\/tobegen.de\/?p=31497\"><span style=\"color: #0000ff;\">AUTOPOIESE FOTOGRAFIE &#8230;<\/span><\/a><\/h2>\n<p style=\"text-align: center;\"><span style=\"font-size: large;\">Fotografisch greife ich ins Licht, gestaltet der Duktus meiner Hand mit ihm.\u00a0<\/span><\/p>\n<p><img loading=\"lazy\" decoding=\"async\" class=\"alignleft wp-image-31575 size-full\" src=\"https:\/\/tobegen.de\/wp-content\/uploads\/058-2-scaled.jpg\" alt=\"\" width=\"2560\" height=\"1920\" srcset=\"https:\/\/tobegen.de\/wp-content\/uploads\/058-2-scaled.jpg 2560w, https:\/\/tobegen.de\/wp-content\/uploads\/058-2-300x225.jpg 300w, https:\/\/tobegen.de\/wp-content\/uploads\/058-2-1313x985.jpg 1313w, https:\/\/tobegen.de\/wp-content\/uploads\/058-2-768x576.jpg 768w, https:\/\/tobegen.de\/wp-content\/uploads\/058-2-1536x1152.jpg 1536w, https:\/\/tobegen.de\/wp-content\/uploads\/058-2-2048x1536.jpg 2048w, https:\/\/tobegen.de\/wp-content\/uploads\/058-2-1200x900.jpg 1200w\" sizes=\"auto, (max-width: 2560px) 100vw, 2560px\" \/><\/p>\n<p style=\"text-align: center;\"><span style=\"color: #0000ff;\"><a href=\"https:\/\/tobegen.de\/?p=31497\"><span style=\"color: #0000ff;\">Mehr ansehen<\/span><\/a><span style=\"color: #000000;\"><span style=\"color: #0000ff;\"><br \/>\n<\/span><\/span><\/span><\/p>\n<hr \/>\n<h2 style=\"text-align: center;\"><a href=\"https:\/\/tobegen.de\/?p=20905\"><span style=\"color: #0000ff;\"><span style=\"vertical-align: inherit;\"><span style=\"vertical-align: inherit;\">AUTOPOIETISCHE VITA &#8230;<\/span><\/span><\/span><\/a><\/h2>\n<p style=\"text-align: center;\"><span style=\"font-size: large;\">Mein selbsterforschendes Tun<\/span><\/p>\n<p><img loading=\"lazy\" decoding=\"async\" class=\"alignleft wp-image-49668 size-full\" src=\"https:\/\/tobegen.de\/wp-content\/uploads\/DSC_0088a.jpg\" alt=\"\" width=\"1914\" height=\"1920\" srcset=\"https:\/\/tobegen.de\/wp-content\/uploads\/DSC_0088a.jpg 1914w, https:\/\/tobegen.de\/wp-content\/uploads\/DSC_0088a-300x300.jpg 300w, https:\/\/tobegen.de\/wp-content\/uploads\/DSC_0088a-1309x1313.jpg 1309w, https:\/\/tobegen.de\/wp-content\/uploads\/DSC_0088a-150x150.jpg 150w, https:\/\/tobegen.de\/wp-content\/uploads\/DSC_0088a-768x770.jpg 768w, https:\/\/tobegen.de\/wp-content\/uploads\/DSC_0088a-1531x1536.jpg 1531w\" sizes=\"auto, (max-width: 1914px) 100vw, 1914px\" \/><\/p>\n<p style=\"text-align: center;\"><span style=\"color: #0000ff;\"><a href=\"https:\/\/tobegen.de\/?p=20905\"><span style=\"color: #0000ff;\">Mehr lesen<\/span><\/a><\/span><\/p>\n<hr \/>\n<h2 style=\"text-align: center;\"><a href=\"https:\/\/tobegen.de\/?p=23559\"><span style=\"color: #0000ff;\">BILDER MEINER AUSSTELLUNGEN &#8230;<\/span><\/a><\/h2>\n<p><strong>Letzte<\/strong> Ausstellung:<br \/>\n<img loading=\"lazy\" decoding=\"async\" class=\"aligncenter wp-image-48207\" src=\"https:\/\/tobegen.de\/wp-content\/uploads\/Screenshot-2025-07-30-101049.png\" alt=\"\" width=\"803\" height=\"411\" srcset=\"https:\/\/tobegen.de\/wp-content\/uploads\/Screenshot-2025-07-30-101049.png 703w, https:\/\/tobegen.de\/wp-content\/uploads\/Screenshot-2025-07-30-101049-300x154.png 300w, https:\/\/tobegen.de\/wp-content\/uploads\/Screenshot-2025-07-30-101049-600x307.png 600w\" sizes=\"auto, (max-width: 803px) 100vw, 803px\" \/><br \/>\n<strong>Vorletzte<\/strong> Ausstellung:<\/p>\n<figure id=\"attachment_48492\" aria-describedby=\"caption-attachment-48492\" style=\"width: 1920px\" class=\"wp-caption alignleft\"><img loading=\"lazy\" decoding=\"async\" class=\"wp-image-48492 size-full\" src=\"https:\/\/tobegen.de\/wp-content\/uploads\/J3A1087.jpg\" alt=\"\" width=\"1920\" height=\"1281\" srcset=\"https:\/\/tobegen.de\/wp-content\/uploads\/J3A1087.jpg 1920w, https:\/\/tobegen.de\/wp-content\/uploads\/J3A1087-300x200.jpg 300w, https:\/\/tobegen.de\/wp-content\/uploads\/J3A1087-1313x876.jpg 1313w, https:\/\/tobegen.de\/wp-content\/uploads\/J3A1087-768x512.jpg 768w, https:\/\/tobegen.de\/wp-content\/uploads\/J3A1087-1536x1025.jpg 1536w, https:\/\/tobegen.de\/wp-content\/uploads\/J3A1087-600x400.jpg 600w\" sizes=\"auto, (max-width: 1920px) 100vw, 1920px\" \/><figcaption id=\"caption-attachment-48492\" class=\"wp-caption-text\">15. Kunstfestival &#8222;ART KREUZBERG&#8220;, September 2025 in der StadtWERKSTATT &#8222;Adlerhalle&#8220;.<\/figcaption><\/figure>\n<p style=\"text-align: center;\"><span style=\"color: #0000ff;\"><a href=\"https:\/\/tobegen.de\/?p=23559\"><span style=\"color: #0000ff;\">Mehr ansehen<\/span><\/a><\/span><\/p>\n<hr \/>\n<h2 style=\"text-align: center;\"><a href=\"https:\/\/tobegen.de\/?p=31119\"><span style=\"color: #0000ff;\"><span style=\"vertical-align: inherit;\"><span style=\"vertical-align: inherit;\">GEDRUCKT &#8230;<\/span><\/span><\/span><\/a><\/h2>\n<p style=\"text-align: center;\"><span style=\"font-size: large;\">Du sollst den Apfel vom Baum des Lebens essen!<\/span><\/p>\n<p><img loading=\"lazy\" decoding=\"async\" class=\"alignleft wp-image-44215 size-full\" src=\"https:\/\/tobegen.de\/wp-content\/uploads\/002-11-1.jpg\" alt=\"\" width=\"1920\" height=\"1280\" srcset=\"https:\/\/tobegen.de\/wp-content\/uploads\/002-11-1.jpg 1920w, https:\/\/tobegen.de\/wp-content\/uploads\/002-11-1-300x200.jpg 300w, https:\/\/tobegen.de\/wp-content\/uploads\/002-11-1-1313x875.jpg 1313w, https:\/\/tobegen.de\/wp-content\/uploads\/002-11-1-768x512.jpg 768w, https:\/\/tobegen.de\/wp-content\/uploads\/002-11-1-1536x1024.jpg 1536w, https:\/\/tobegen.de\/wp-content\/uploads\/002-11-1-500x333.jpg 500w, https:\/\/tobegen.de\/wp-content\/uploads\/002-11-1-800x533.jpg 800w, https:\/\/tobegen.de\/wp-content\/uploads\/002-11-1-1280x853.jpg 1280w\" sizes=\"auto, (max-width: 1920px) 100vw, 1920px\" \/><\/p>\n<p><span style=\"font-size: small;\">Mit meinem Buch <\/span><strong><span style=\"font-size: small;\">\u201eDu sollst dir dein Bild machen \u2013 Traktat in Wort und Bild \u00fcber die Entstehungsform\u201c<\/span><\/strong><span style=\"font-size: small;\"> unternehme ich den Versuch mein Denken mit dem Pinsel in Worte zu fassen.\u00a0 &#8211;\u00a0 <strong>Die<\/strong> <strong>Kataloge dokumentieren meine Ausstellungen: <\/strong><\/span><\/p>\n<div id='gallery-1' class='gallery galleryid-33005 gallery-columns-4 gallery-size-thumbnail'><figure class='gallery-item'>\n\t\t\t<div class='gallery-icon landscape'>\n\t\t\t\t<a href='https:\/\/tobegen.de\/?attachment_id=43795'><img loading=\"lazy\" decoding=\"async\" width=\"150\" height=\"150\" src=\"https:\/\/tobegen.de\/wp-content\/uploads\/DSC_0002-21-150x150.jpg\" class=\"attachment-thumbnail size-thumbnail\" alt=\"\" aria-describedby=\"gallery-1-43795\" srcset=\"https:\/\/tobegen.de\/wp-content\/uploads\/DSC_0002-21-150x150.jpg 150w, https:\/\/tobegen.de\/wp-content\/uploads\/DSC_0002-21-533x533.jpg 533w, https:\/\/tobegen.de\/wp-content\/uploads\/DSC_0002-21-640x640.jpg 640w, https:\/\/tobegen.de\/wp-content\/uploads\/DSC_0002-21-864x864.jpg 864w\" sizes=\"auto, (max-width: 150px) 100vw, 150px\" \/><\/a>\n\t\t\t<\/div>\n\t\t\t\t<figcaption class='wp-caption-text gallery-caption' id='gallery-1-43795'>\n\t\t\t\tKUNST DER SPUR\n\t\t\t\t<\/figcaption><\/figure><figure class='gallery-item'>\n\t\t\t<div class='gallery-icon portrait'>\n\t\t\t\t<a href='https:\/\/tobegen.de\/?attachment_id=43797'><img loading=\"lazy\" decoding=\"async\" width=\"150\" height=\"150\" src=\"https:\/\/tobegen.de\/wp-content\/uploads\/DSC_0003-4-150x150.jpg\" class=\"attachment-thumbnail size-thumbnail\" alt=\"\" aria-describedby=\"gallery-1-43797\" srcset=\"https:\/\/tobegen.de\/wp-content\/uploads\/DSC_0003-4-150x150.jpg 150w, https:\/\/tobegen.de\/wp-content\/uploads\/DSC_0003-4-533x533.jpg 533w, https:\/\/tobegen.de\/wp-content\/uploads\/DSC_0003-4-640x640.jpg 640w, https:\/\/tobegen.de\/wp-content\/uploads\/DSC_0003-4-864x864.jpg 864w\" sizes=\"auto, (max-width: 150px) 100vw, 150px\" \/><\/a>\n\t\t\t<\/div>\n\t\t\t\t<figcaption class='wp-caption-text gallery-caption' id='gallery-1-43797'>\n\t\t\t\tvon SELBST\n\t\t\t\t<\/figcaption><\/figure><figure class='gallery-item'>\n\t\t\t<div class='gallery-icon landscape'>\n\t\t\t\t<a href='https:\/\/tobegen.de\/?attachment_id=43798'><img loading=\"lazy\" decoding=\"async\" width=\"150\" height=\"150\" src=\"https:\/\/tobegen.de\/wp-content\/uploads\/DSC_0004-5-1-150x150.jpg\" class=\"attachment-thumbnail size-thumbnail\" alt=\"\" aria-describedby=\"gallery-1-43798\" srcset=\"https:\/\/tobegen.de\/wp-content\/uploads\/DSC_0004-5-1-150x150.jpg 150w, https:\/\/tobegen.de\/wp-content\/uploads\/DSC_0004-5-1-300x297.jpg 300w, https:\/\/tobegen.de\/wp-content\/uploads\/DSC_0004-5-1-500x495.jpg 500w, https:\/\/tobegen.de\/wp-content\/uploads\/DSC_0004-5-1-533x533.jpg 533w, https:\/\/tobegen.de\/wp-content\/uploads\/DSC_0004-5-1-640x640.jpg 640w, https:\/\/tobegen.de\/wp-content\/uploads\/DSC_0004-5-1-864x864.jpg 864w\" sizes=\"auto, (max-width: 150px) 100vw, 150px\" \/><\/a>\n\t\t\t<\/div>\n\t\t\t\t<figcaption class='wp-caption-text gallery-caption' id='gallery-1-43798'>\n\t\t\t\tBODYTEXT\n\t\t\t\t<\/figcaption><\/figure><figure class='gallery-item'>\n\t\t\t<div class='gallery-icon portrait'>\n\t\t\t\t<a href='https:\/\/tobegen.de\/?attachment_id=44214'><img loading=\"lazy\" decoding=\"async\" width=\"150\" height=\"150\" src=\"https:\/\/tobegen.de\/wp-content\/uploads\/DSC_0006-10-1-150x150.jpg\" class=\"attachment-thumbnail size-thumbnail\" alt=\"\" aria-describedby=\"gallery-1-44214\" srcset=\"https:\/\/tobegen.de\/wp-content\/uploads\/DSC_0006-10-1-150x150.jpg 150w, https:\/\/tobegen.de\/wp-content\/uploads\/DSC_0006-10-1-533x533.jpg 533w, https:\/\/tobegen.de\/wp-content\/uploads\/DSC_0006-10-1-640x640.jpg 640w, https:\/\/tobegen.de\/wp-content\/uploads\/DSC_0006-10-1-864x864.jpg 864w\" sizes=\"auto, (max-width: 150px) 100vw, 150px\" \/><\/a>\n\t\t\t<\/div>\n\t\t\t\t<figcaption class='wp-caption-text gallery-caption' id='gallery-1-44214'>\n\t\t\t\t3. ART KREUZBERG\n\t\t\t\t<\/figcaption><\/figure>\n\t\t<\/div>\n\n<p style=\"text-align: center;\"><span style=\"color: #0000ff;\"><a style=\"color: #0000ff;\" href=\"https:\/\/tobegen.de\/?p=31119\">Mehr ansehen<\/a><span style=\"color: #000000;\"><span style=\"color: #0000ff;\"><br \/>\n<\/span><\/span><\/span><\/p>\n<hr \/>\n<h4><\/h4>\n<h4><img loading=\"lazy\" decoding=\"async\" class=\"alignleft size-full wp-image-49106\" src=\"https:\/\/tobegen.de\/wp-content\/uploads\/29-1.jpg\" alt=\"\" width=\"1074\" height=\"699\" srcset=\"https:\/\/tobegen.de\/wp-content\/uploads\/29-1.jpg 1074w, https:\/\/tobegen.de\/wp-content\/uploads\/29-1-300x195.jpg 300w, https:\/\/tobegen.de\/wp-content\/uploads\/29-1-768x500.jpg 768w\" sizes=\"auto, (max-width: 1074px) 100vw, 1074px\" \/><\/h4>\n<h4><\/h4>\n<h4><\/h4>\n<h4><span style=\"color: #ff0000;\"><a style=\"color: #ff0000;\" href=\"https:\/\/tobegen.de\/?p=20908\"><span style=\"vertical-align: inherit;\"><span style=\"vertical-align: inherit;\"><span style=\"vertical-align: inherit;\"><span style=\"vertical-align: inherit;\"><span dir=\"auto\" style=\"vertical-align: inherit;\"><span dir=\"auto\" style=\"vertical-align: inherit;\"><span dir=\"auto\" style=\"vertical-align: inherit;\"><span dir=\"auto\" style=\"vertical-align: inherit;\">Reportage<\/span><\/span><\/span><\/span><\/span><\/span><\/span><\/span><\/a><\/span><\/h4>\n<h4><span style=\"color: #ff0000;\"><a style=\"color: #ff0000;\" href=\"https:\/\/tobegen.de\/?p=20911\">Rezensionen<\/a><\/span><\/h4>\n<h4><span style=\"color: #ff0000;\"><a style=\"color: #ff0000;\" href=\"https:\/\/tobegen.de\/?p=23477\">Bildarchiv<\/a><\/span><\/h4>\n<h4><span style=\"color: #ff0000;\"><a style=\"color: #ff0000;\" href=\"https:\/\/tobegen.de\/?p=31750\"><span style=\"vertical-align: inherit;\"><span style=\"vertical-align: inherit;\"><span style=\"vertical-align: inherit;\"><span style=\"vertical-align: inherit;\"><span dir=\"auto\" style=\"vertical-align: inherit;\"><span dir=\"auto\" style=\"vertical-align: inherit;\"><span dir=\"auto\" style=\"vertical-align: inherit;\"><span dir=\"auto\" style=\"vertical-align: inherit;\">Kontakt<\/span><\/span><\/span><\/span><\/span><\/span><\/span><\/span><\/a><\/span><\/h4>\n","protected":false},"excerpt":{"rendered":"<p>PR\u00c4SENTATION DER WEB-SEITE IN DREI MINUTEN (Kopfbild: Ausschnitt aus 01\/2026 \u201ePROMETHEUS\u201c, Acryl und Acryllack auf Leinwand, 130x170cm)\u00a0 Mit der Geste unterst\u00fctzt die K\u00f6rpersprache die Rede, mit der Geb\u00e4rde zeigt sie das Begehren. Im Freien wie auf der Leinwand mit Ausdruck und Pr\u00e4senz. Dabei verlassen sich K\u00f6rper und Geist auf die Autopoiese, auf die Selbstentfaltung der [&hellip;]<\/p>\n","protected":false},"author":1,"featured_media":0,"parent":0,"menu_order":0,"comment_status":"closed","ping_status":"closed","template":"","meta":{"_crdt_document":"","advanced_seo_description":"","jetpack_seo_html_title":"","jetpack_seo_noindex":false,"footnotes":""},"class_list":["post-33005","page","type-page","status-publish","hentry"],"jetpack_sharing_enabled":true,"jetpack_shortlink":"https:\/\/wp.me\/Ph9HEd-8Al","_links":{"self":[{"href":"https:\/\/tobegen.de\/index.php?rest_route=\/wp\/v2\/pages\/33005","targetHints":{"allow":["GET"]}}],"collection":[{"href":"https:\/\/tobegen.de\/index.php?rest_route=\/wp\/v2\/pages"}],"about":[{"href":"https:\/\/tobegen.de\/index.php?rest_route=\/wp\/v2\/types\/page"}],"author":[{"embeddable":true,"href":"https:\/\/tobegen.de\/index.php?rest_route=\/wp\/v2\/users\/1"}],"replies":[{"embeddable":true,"href":"https:\/\/tobegen.de\/index.php?rest_route=%2Fwp%2Fv2%2Fcomments&post=33005"}],"version-history":[{"count":100,"href":"https:\/\/tobegen.de\/index.php?rest_route=\/wp\/v2\/pages\/33005\/revisions"}],"predecessor-version":[{"id":50006,"href":"https:\/\/tobegen.de\/index.php?rest_route=\/wp\/v2\/pages\/33005\/revisions\/50006"}],"wp:attachment":[{"href":"https:\/\/tobegen.de\/index.php?rest_route=%2Fwp%2Fv2%2Fmedia&parent=33005"}],"curies":[{"name":"wp","href":"https:\/\/api.w.org\/{rel}","templated":true}]}}